{"id":308,"date":"2021-10-11T12:59:44","date_gmt":"2021-10-11T10:59:44","guid":{"rendered":"http:\/\/opieka.plus\/?page_id=308"},"modified":"2024-04-18T13:41:11","modified_gmt":"2024-04-18T11:41:11","slug":"fundacja-opieka-plus","status":"publish","type":"page","link":"https:\/\/opieka.plus\/en\/","title":{"rendered":"Fundacja opieka plus"},"content":{"rendered":"<div class=\"wp-block-cover alignfull mt-minus\" style=\"min-height:783px\"><img loading=\"lazy\" width=\"2094\" height=\"1008\" class=\"wp-block-cover__image-background wp-image-324\" alt=\"\" src=\"http:\/\/opieka.plus\/wp-content\/uploads\/2021\/10\/Frame-4311.jpg\" data-object-fit=\"cover\" srcset=\"https:\/\/opieka.plus\/wp-content\/uploads\/2021\/10\/Frame-4311.jpg 2094w, https:\/\/opieka.plus\/wp-content\/uploads\/2021\/10\/Frame-4311-300x144.jpg 300w, https:\/\/opieka.plus\/wp-content\/uploads\/2021\/10\/Frame-4311-1024x493.jpg 1024w, https:\/\/opieka.plus\/wp-content\/uploads\/2021\/10\/Frame-4311-768x370.jpg 768w, https:\/\/opieka.plus\/wp-content\/uploads\/2021\/10\/Frame-4311-1536x739.jpg 1536w, https:\/\/opieka.plus\/wp-content\/uploads\/2021\/10\/Frame-4311-2048x986.jpg 2048w\" sizes=\"(max-width: 2094px) 100vw, 2094px\" \/><div class=\"wp-block-cover__inner-container\">\n<div class=\"wp-block-columns\">\n<div class=\"wp-block-column\">\n<h1 class=\"has-text-color translation-block\" style=\"color:#131313\">Fundation<br><span style=\"color:#fff\">opieka plus<\/span><\/h1>\n<\/div>\n\n\n\n<div class=\"wp-block-column\"><\/div>\n<\/div>\n<\/div><\/div>\n\n\n\n<div style=\"height:85px\" aria-hidden=\"true\" class=\"wp-block-spacer\"><\/div>\n\n\n\n<div class=\"wp-block-columns\">\n<div class=\"wp-block-column\">\n<div class=\"wp-block-image\"><figure class=\"aligncenter size-full\"><img loading=\"lazy\" width=\"134\" height=\"134\" src=\"http:\/\/opieka.plus\/wp-content\/uploads\/2021\/10\/Frame-441.jpg\" alt=\"\" class=\"wp-image-339\"\/><\/figure><\/div>\n\n\n\n<h2 class=\"has-text-align-center has-larger-font-size\"><a href=\"\/o-nas\">About Us<\/a><\/h2>\n<\/div>\n\n\n\n<div class=\"wp-block-column\">\n<div class=\"wp-block-image\"><figure class=\"aligncenter size-full\"><img loading=\"lazy\" width=\"134\" height=\"134\" src=\"http:\/\/opieka.plus\/wp-content\/uploads\/2021\/10\/Frame-451.jpg\" alt=\"\" class=\"wp-image-338\"\/><\/figure><\/div>\n\n\n\n<h2 class=\"has-text-align-center has-larger-font-size\"><a href=\"\/aktualnosci\">News<\/a><\/h2>\n<\/div>\n\n\n\n<div class=\"wp-block-column\">\n<div class=\"wp-block-image\"><figure class=\"aligncenter size-full\"><img loading=\"lazy\" width=\"134\" height=\"134\" src=\"http:\/\/opieka.plus\/wp-content\/uploads\/2021\/10\/Frame-461.jpg\" alt=\"\" class=\"wp-image-337\"\/><\/figure><\/div>\n\n\n\n<h2 class=\"has-text-align-center has-larger-font-size\"><a href=\"\/galeria\">Gallery<\/a><\/h2>\n<\/div>\n<\/div>\n\n\n\n<div style=\"height:40px\" aria-hidden=\"true\" class=\"wp-block-spacer\"><\/div>\n\n\n\n<div class=\"wp-block-cover alignfull has-custom-content-position is-position-top-center\" style=\"min-height:516px\"><img loading=\"lazy\" width=\"1953\" height=\"931\" class=\"wp-block-cover__image-background wp-image-356\" alt=\"\" src=\"http:\/\/opieka.plus\/wp-content\/uploads\/2021\/10\/obok-lasu-z-lotu-ptaka-411.jpg\" style=\"object-position:52% 4%\" data-object-fit=\"cover\" data-object-position=\"52% 4%\" srcset=\"https:\/\/opieka.plus\/wp-content\/uploads\/2021\/10\/obok-lasu-z-lotu-ptaka-411.jpg 1953w, https:\/\/opieka.plus\/wp-content\/uploads\/2021\/10\/obok-lasu-z-lotu-ptaka-411-300x143.jpg 300w, https:\/\/opieka.plus\/wp-content\/uploads\/2021\/10\/obok-lasu-z-lotu-ptaka-411-1024x488.jpg 1024w, https:\/\/opieka.plus\/wp-content\/uploads\/2021\/10\/obok-lasu-z-lotu-ptaka-411-768x366.jpg 768w, https:\/\/opieka.plus\/wp-content\/uploads\/2021\/10\/obok-lasu-z-lotu-ptaka-411-1536x732.jpg 1536w\" sizes=\"(max-width: 1953px) 100vw, 1953px\" \/><div class=\"wp-block-cover__inner-container\">\n<div class=\"wp-block-columns\">\n<div class=\"wp-block-column contact-wrap\">\n<h3 class=\"has-text-align-center has-black-color has-text-color has-larger-font-size\">Zam\u00f3w bezp\u0142atn\u0105 konsultacj\u0119<\/h3>\n\n\n\n<p class=\"has-text-align-center has-text-color\" style=\"color:#323232\">Zostaw swoje imi\u0119, nazwisko i numer telefonu a nasz doradca skontaktuje si\u0119 z Tob\u0105 w celu przedstawienia oferty.<\/p>\n\n\n<div role=\"form\" class=\"wpcf7\" id=\"wpcf7-f350-o1\" lang=\"pl-PL\" dir=\"ltr\">\n<div class=\"screen-reader-response\"><p role=\"status\" aria-live=\"polite\" aria-atomic=\"true\"><\/p> <ul><\/ul><\/div>\n<form action=\"\/en\/wp-json\/wp\/v2\/pages\/308#wpcf7-f350-o1\" method=\"post\" class=\"wpcf7-form init\" novalidate=\"novalidate\" data-status=\"init\" data-trp-original-action=\"\/en\/wp-json\/wp\/v2\/pages\/308#wpcf7-f350-o1\">\n<div style=\"display: none;\">\n<input type=\"hidden\" name=\"_wpcf7\" value=\"350\" \/>\n<input type=\"hidden\" name=\"_wpcf7_version\" value=\"5.5.6\" \/>\n<input type=\"hidden\" name=\"_wpcf7_locale\" value=\"pl_PL\" \/>\n<input type=\"hidden\" name=\"_wpcf7_unit_tag\" value=\"wpcf7-f350-o1\" \/>\n<input type=\"hidden\" name=\"_wpcf7_container_post\" value=\"0\" \/>\n<input type=\"hidden\" name=\"_wpcf7_posted_data_hash\" value=\"\" \/>\n<\/div>\n<div class=\"grid-3\">\n<div>\n<label> Imi\u0119<br \/>\n<span class=\"wpcf7-form-control-wrap your-name\"><input type=\"text\" name=\"your-name\" value=\"\" size=\"40\" class=\"wpcf7-form-control wpcf7-text wpcf7-validates-as-required\" aria-required=\"true\" aria-invalid=\"false\" placeholder=\"Wpisz imi\u0119...\" \/><\/span><br \/>\n<\/label>\n    <\/div>\n<div>\n<label> Nazwisko<br \/>\n<span class=\"wpcf7-form-control-wrap nazwisko\"><input type=\"text\" name=\"nazwisko\" value=\"\" size=\"40\" class=\"wpcf7-form-control wpcf7-text\" aria-invalid=\"false\" placeholder=\"Wpisz nazwisko...\" \/><\/span><br \/>\n<\/label>\n    <\/div>\n<div>\n<label> Phone number<br \/>\n<span class=\"wpcf7-form-control-wrap telefon\"><input type=\"tel\" name=\"telefon\" value=\"\" size=\"40\" class=\"wpcf7-form-control wpcf7-text wpcf7-tel wpcf7-validates-as-tel\" aria-invalid=\"false\" placeholder=\"Wpisz numer telefonu...\" \/><\/span><br \/>\n<\/label>\n    <\/div>\n<\/div>\n<p><span class=\"wpcf7-form-control-wrap acceptance-550\"><span class=\"wpcf7-form-control wpcf7-acceptance optional\"><span class=\"wpcf7-list-item\"><label><input type=\"checkbox\" name=\"acceptance-550\" value=\"1\" aria-invalid=\"false\" \/><span class=\"wpcf7-list-item-label\">I consent to the processing of my personal data in the scope provided in the above contact form, in order to prepare and send me a reply to my message<\/span><\/label><\/span><\/span><\/span><br \/>\n<input type=\"submit\" value=\"Send\" class=\"wpcf7-form-control has-spinner wpcf7-submit\" \/><\/p>\n<div class=\"wpcf7-response-output\" aria-hidden=\"true\"><\/div><input type=\"hidden\" name=\"trp-form-language\" value=\"en\"\/><\/form><\/div>\n<\/div>\n<\/div>\n<\/div><\/div>","protected":false},"excerpt":{"rendered":"<p>O nas Aktualno\u015bci Galeria<\/p>","protected":false},"author":1,"featured_media":0,"parent":0,"menu_order":0,"comment_status":"closed","ping_status":"closed","template":"","meta":{"ngg_post_thumbnail":0,"_kad_post_transparent":"","_kad_post_title":"","_kad_post_layout":"","_kad_post_sidebar_id":"","_kad_post_content_style":"","_kad_post_vertical_padding":"","_kad_post_feature":"","_kad_post_feature_position":"","_kad_post_header":false,"_kad_post_footer":false},"_links":{"self":[{"href":"https:\/\/opieka.plus\/en\/wp-json\/wp\/v2\/pages\/308"}],"collection":[{"href":"https:\/\/opieka.plus\/en\/wp-json\/wp\/v2\/pages"}],"about":[{"href":"https:\/\/opieka.plus\/en\/wp-json\/wp\/v2\/types\/page"}],"author":[{"embeddable":true,"href":"https:\/\/opieka.plus\/en\/wp-json\/wp\/v2\/users\/1"}],"replies":[{"embeddable":true,"href":"https:\/\/opieka.plus\/en\/wp-json\/wp\/v2\/comments?post=308"}],"version-history":[{"count":38,"href":"https:\/\/opieka.plus\/en\/wp-json\/wp\/v2\/pages\/308\/revisions"}],"predecessor-version":[{"id":768,"href":"https:\/\/opieka.plus\/en\/wp-json\/wp\/v2\/pages\/308\/revisions\/768"}],"wp:attachment":[{"href":"https:\/\/opieka.plus\/en\/wp-json\/wp\/v2\/media?parent=308"}],"curies":[{"name":"wp","href":"https:\/\/api.w.org\/{rel}","templated":true}]}}