{"id":622,"date":"2022-04-26T13:35:56","date_gmt":"2022-04-26T11:35:56","guid":{"rendered":"http:\/\/opieka.plus\/?page_id=622"},"modified":"2022-04-26T14:08:31","modified_gmt":"2022-04-26T12:08:31","slug":"darowizna","status":"publish","type":"page","link":"http:\/\/opieka.plus\/en\/darowizna\/","title":{"rendered":"Donation"},"content":{"rendered":"<h2>Ukrainian Donation<\/h2>\n\n\n\n<div class=\"wp-block-columns\">\n<div class=\"wp-block-column is-vertically-aligned-center\">\n<p><br>24 lutego 2022r. zawali\u0142 si\u0119 ich \u015bwiat. Mo\u017ce nie doskona\u0142y, ale bezpieczny, taki jaki znali od urodzenia. Musieli opu\u015bci\u0107 swoje domy i wyjecha\u0107<br>w nieznane. W\u015br\u00f3d nich by\u0142y osoby starsze, schorowane, <br>z niepe\u0142nosprawno\u015bciami. To im jest teraz najtrudniej. W swoim kraju mieli zapewnione bezpiecze\u0144stwo, opiek\u0119 i rehabilitacj\u0119. Wojna odebra\u0142a im to wszystko. Mo\u017cesz im pom\u00f3c. Twoja wp\u0142ata zostanie w ca\u0142o\u015bci przekazana bezpo\u015brednio na rehabilitacj\u0119 tych os\u00f3b, by mog\u0142y powraca\u0107 do normalno\u015bci.<\/p>\n\n\n\n<div class=\"wp-block-buttons\">\n<div class=\"wp-block-button\"><a class=\"wp-block-button__link has-background\" href=\"https:\/\/www.paypal.com\/donate\/?hosted_button_id=RVS3YAHGAQXL8\" style=\"background:linear-gradient(135deg,rgb(61,61,153) 0%,rgb(40,116,252) 100%)\">Deposit Donation<\/a><\/div>\n<\/div>\n<\/div>\n\n\n\n<div class=\"wp-block-column\">\n<figure class=\"wp-block-image size-large\"><img loading=\"lazy\" width=\"1024\" height=\"683\" src=\"http:\/\/opieka.plus\/wp-content\/uploads\/2022\/04\/heart-from-yellow-and-blue-water-splashes-with-bubbles-isolated-on-white-backround-national-ukranian-colors-stand-with-ukraine-1024x683.jpg\" alt=\"\" class=\"wp-image-637\" srcset=\"https:\/\/opieka.plus\/wp-content\/uploads\/2022\/04\/heart-from-yellow-and-blue-water-splashes-with-bubbles-isolated-on-white-backround-national-ukranian-colors-stand-with-ukraine-1024x683.jpg 1024w, https:\/\/opieka.plus\/wp-content\/uploads\/2022\/04\/heart-from-yellow-and-blue-water-splashes-with-bubbles-isolated-on-white-backround-national-ukranian-colors-stand-with-ukraine-300x200.jpg 300w, https:\/\/opieka.plus\/wp-content\/uploads\/2022\/04\/heart-from-yellow-and-blue-water-splashes-with-bubbles-isolated-on-white-backround-national-ukranian-colors-stand-with-ukraine-768x512.jpg 768w, https:\/\/opieka.plus\/wp-content\/uploads\/2022\/04\/heart-from-yellow-and-blue-water-splashes-with-bubbles-isolated-on-white-backround-national-ukranian-colors-stand-with-ukraine-1536x1024.jpg 1536w, https:\/\/opieka.plus\/wp-content\/uploads\/2022\/04\/heart-from-yellow-and-blue-water-splashes-with-bubbles-isolated-on-white-backround-national-ukranian-colors-stand-with-ukraine-2048x1365.jpg 2048w, https:\/\/opieka.plus\/wp-content\/uploads\/2022\/04\/heart-from-yellow-and-blue-water-splashes-with-bubbles-isolated-on-white-backround-national-ukranian-colors-stand-with-ukraine-18x12.jpg 18w\" sizes=\"(max-width: 1024px) 100vw, 1024px\" \/><\/figure>\n<\/div>\n<\/div>\n\n\n\n<p><\/p>","protected":false},"excerpt":{"rendered":"<p>Ukrainian Donation<\/p>","protected":false},"author":1,"featured_media":0,"parent":0,"menu_order":0,"comment_status":"closed","ping_status":"closed","template":"","meta":{"ngg_post_thumbnail":0,"_kad_post_transparent":"","_kad_post_title":"","_kad_post_layout":"","_kad_post_sidebar_id":"","_kad_post_content_style":"","_kad_post_vertical_padding":"","_kad_post_feature":"","_kad_post_feature_position":"","_kad_post_header":false,"_kad_post_footer":false},"_links":{"self":[{"href":"http:\/\/opieka.plus\/en\/wp-json\/wp\/v2\/pages\/622"}],"collection":[{"href":"http:\/\/opieka.plus\/en\/wp-json\/wp\/v2\/pages"}],"about":[{"href":"http:\/\/opieka.plus\/en\/wp-json\/wp\/v2\/types\/page"}],"author":[{"embeddable":true,"href":"http:\/\/opieka.plus\/en\/wp-json\/wp\/v2\/users\/1"}],"replies":[{"embeddable":true,"href":"http:\/\/opieka.plus\/en\/wp-json\/wp\/v2\/comments?post=622"}],"version-history":[{"count":13,"href":"http:\/\/opieka.plus\/en\/wp-json\/wp\/v2\/pages\/622\/revisions"}],"predecessor-version":[{"id":645,"href":"http:\/\/opieka.plus\/en\/wp-json\/wp\/v2\/pages\/622\/revisions\/645"}],"wp:attachment":[{"href":"http:\/\/opieka.plus\/en\/wp-json\/wp\/v2\/media?parent=622"}],"curies":[{"name":"wp","href":"https:\/\/api.w.org\/{rel}","templated":true}]}}